{"id":83,"date":"2024-01-16T09:54:50","date_gmt":"2024-01-16T08:54:50","guid":{"rendered":"https:\/\/ak-stadtteilarbeitgraz.at\/?page_id=83"},"modified":"2025-01-16T16:36:40","modified_gmt":"2025-01-16T15:36:40","slug":"ueber-uns","status":"publish","type":"page","link":"https:\/\/ak-stadtteilarbeitgraz.at\/?page_id=83","title":{"rendered":"Mitglieder"},"content":{"rendered":"\t\t<div data-elementor-type=\"wp-page\" data-elementor-id=\"83\" class=\"elementor elementor-83\">\n\t\t\t\t\t\t<section class=\"elementor-section elementor-top-section elementor-element elementor-element-c9191f2 elementor-section-boxed elementor-section-height-default elementor-section-height-default\" data-id=\"c9191f2\" data-element_type=\"section\" data-e-type=\"section\">\n\t\t\t\t\t\t<div class=\"elementor-container elementor-column-gap-default\">\n\t\t\t\t\t<div class=\"elementor-column elementor-col-100 elementor-top-column elementor-element elementor-element-358a4ab\" data-id=\"358a4ab\" data-element_type=\"column\" data-e-type=\"column\">\n\t\t\t<div class=\"elementor-widget-wrap elementor-element-populated\">\n\t\t\t\t\t\t<div class=\"elementor-element elementor-element-8a77751 elementor-widget elementor-widget-text-editor\" data-id=\"8a77751\" data-element_type=\"widget\" data-e-type=\"widget\" data-widget_type=\"text-editor.default\">\n\t\t\t\t<div class=\"elementor-widget-container\">\n\t\t\t\t\t\t\t\t\t<p>\u00a0<\/p>\n<section data-id=\"3705b23\" data-element_type=\"section\">\n<div>\n<div data-id=\"0dc76e7\" data-element_type=\"column\">\n<div>\n<div data-id=\"b9de51f\" data-element_type=\"widget\" data-widget_type=\"text-editor.default\">\n<div>\n<div style=\"text-align: center;\">Der Arbeitskreis Stadtteilarbeit besteht aktuell aus folgenden Initiativen mit deren Einrichtungs-Standorten:<\/div>\n<\/div>\n<\/div>\n<div data-id=\"4aeebc7\" data-element_type=\"widget\" data-widget_type=\"spacer.default\">\n<div>\n<div>\n<div>\u00a0<\/div>\n<\/div>\n<\/div>\n<\/div>\n<\/div>\n<\/div>\n<\/div>\n<\/section>\n<div data-id=\"f726096\" data-element_type=\"widget\" data-widget_type=\"text-editor.default\">\n<div>\n<p style=\"text-align: center;\"><b>SMZ \u2013 Stadtteilzentrum Jakomini <\/b><\/p>\n<p style=\"text-align: center;\">Conrad-von-H\u00f6tzendorf-Stra\u00dfe 55<\/p>\n<p style=\"text-align: center;\"><b>Stadtteilzentrum Triester<\/b><\/p>\n<p style=\"text-align: center;\">Triester Stra\u00dfe 66<\/p>\n<p style=\"text-align: center;\"><b>Stadtteilzentrum Lend<\/b><\/p>\n<p style=\"text-align: center;\">Mariengasse 41<\/p>\n<p style=\"text-align: center;\"><b>Stadtteilarbeit EggenLend<\/b><\/p>\n<p style=\"text-align: center;\">Alte Poststra\u00dfe 118<\/p>\n<p style=\"text-align: center;\"><b>B\u00fcro der Nachbarschaften<\/b><\/p>\n<p style=\"text-align: center;\">Kernstockgasse 20<\/p>\n<p style=\"text-align: center;\"><b>Nachbarschaftszentrum NaNet<br \/><\/b><\/p>\n<p style=\"text-align: center;\">Kalvarieng\u00fcrtel 7<\/p>\n<p style=\"text-align: center;\">\u00a0<\/p>\n<p style=\"text-align: center;\"><b>Gr\u00e4tzelinitiative Margaretenbad<\/b><\/p>\n<p style=\"text-align: center;\">Wastlergasse 2<\/p>\n<p style=\"text-align: center;\"><b>Mehrgenerationenhaus Waltendorf<\/b><\/p>\n<p style=\"text-align: center;\">Schulgasse 22<\/p>\n<p style=\"text-align: center;\"><b>SMZ \u2013 Nachbarschaftszentrum am Gr\u00fcnanger<\/b><\/p>\n<p style=\"text-align: center;\">Andersengasse 32-34<\/p>\n<p style=\"text-align: center;\"><b>Nachbarschaftszentrum St.Peter<\/b><\/p>\n<p style=\"text-align: center;\">St.Peter Hauptstra\u00dfe 85<\/p>\n<p style=\"text-align: center;\"><b>Verein Stadtteilprojekt ANNENViERTEL<\/b><\/p>\n<p style=\"text-align: center;\">Mariahilferstra\u00dfe 30<\/p>\n<\/div>\n<\/div>\t\t\t\t\t\t\t\t<\/div>\n\t\t\t\t<\/div>\n\t\t\t\t\t<\/div>\n\t\t<\/div>\n\t\t\t\t\t<\/div>\n\t\t<\/section>\n\t\t\t\t<\/div>\n\t\t","protected":false},"excerpt":{"rendered":"<p>\u00a0 Der Arbeitskreis Stadtteilarbeit besteht aktuell aus folgenden Initiativen mit deren Einrichtungs-Standorten: \u00a0 SMZ \u2013 Stadtteilzentrum Jakomini Conrad-von-H\u00f6tzendorf-Stra\u00dfe 55 Stadtteilzentrum Triester Triester Stra\u00dfe 66 Stadtteilzentrum Lend Mariengasse 41 Stadtteilarbeit EggenLend Alte Poststra\u00dfe 118 B\u00fcro der Nachbarschaften Kernstockgasse 20 Nachbarschaftszentrum NaNet Kalvarieng\u00fcrtel 7 \u00a0 Gr\u00e4tzelinitiative Margaretenbad Wastlergasse 2 Mehrgenerationenhaus Waltendorf Schulgasse 22 SMZ \u2013 Nachbarschaftszentrum am&hellip;&nbsp;<a href=\"https:\/\/ak-stadtteilarbeitgraz.at\/?page_id=83\" rel=\"bookmark\">Weiterlesen &raquo;<span class=\"screen-reader-text\">Mitglieder<\/span><\/a><\/p>\n","protected":false},"author":1,"featured_media":0,"parent":0,"menu_order":0,"comment_status":"closed","ping_status":"closed","template":"","meta":{"neve_meta_sidebar":"","neve_meta_container":"","neve_meta_enable_content_width":"","neve_meta_content_width":0,"neve_meta_title_alignment":"","neve_meta_author_avatar":"","neve_post_elements_order":"","neve_meta_disable_header":"","neve_meta_disable_footer":"","neve_meta_disable_title":"","footnotes":""},"class_list":["post-83","page","type-page","status-publish","hentry"],"_links":{"self":[{"href":"https:\/\/ak-stadtteilarbeitgraz.at\/index.php?rest_route=\/wp\/v2\/pages\/83","targetHints":{"allow":["GET"]}}],"collection":[{"href":"https:\/\/ak-stadtteilarbeitgraz.at\/index.php?rest_route=\/wp\/v2\/pages"}],"about":[{"href":"https:\/\/ak-stadtteilarbeitgraz.at\/index.php?rest_route=\/wp\/v2\/types\/page"}],"author":[{"embeddable":true,"href":"https:\/\/ak-stadtteilarbeitgraz.at\/index.php?rest_route=\/wp\/v2\/users\/1"}],"replies":[{"embeddable":true,"href":"https:\/\/ak-stadtteilarbeitgraz.at\/index.php?rest_route=%2Fwp%2Fv2%2Fcomments&post=83"}],"version-history":[{"count":23,"href":"https:\/\/ak-stadtteilarbeitgraz.at\/index.php?rest_route=\/wp\/v2\/pages\/83\/revisions"}],"predecessor-version":[{"id":350,"href":"https:\/\/ak-stadtteilarbeitgraz.at\/index.php?rest_route=\/wp\/v2\/pages\/83\/revisions\/350"}],"wp:attachment":[{"href":"https:\/\/ak-stadtteilarbeitgraz.at\/index.php?rest_route=%2Fwp%2Fv2%2Fmedia&parent=83"}],"curies":[{"name":"wp","href":"https:\/\/api.w.org\/{rel}","templated":true}]}}