{"id":217,"date":"2025-01-16T11:37:53","date_gmt":"2025-01-16T10:37:53","guid":{"rendered":"https:\/\/ak-stadtteilarbeitgraz.at\/?page_id=217"},"modified":"2025-01-16T11:37:53","modified_gmt":"2025-01-16T10:37:53","slug":"informationen-und-transparenz","status":"publish","type":"page","link":"https:\/\/ak-stadtteilarbeitgraz.at\/?page_id=217","title":{"rendered":"Informationen und Transparenz"},"content":{"rendered":"\n<p>Uns ist Transparenz zwischen den einzelnen Mitgliedern, sowie nach au\u00dfen hin sehr wichtig. Dies wollen wir durch immerw\u00e4hrende Darlegung unserer T\u00e4tigkeiten, sowie unserer politischen Entscheidungen gew\u00e4hren. Au\u00dferdem ist es jedem Menschen freigestellt, bei unseren internen Arbeitskreistreffen dabei zu sein, und somit auch Einblicke in unsere Arbeitskultur und -weise zu gewinnen.&nbsp;<\/p>\n\n\n\n<p>Aktivit\u00e4ten, die im Namen des Arbeitskreises stattfinden, k\u00f6nnen nur mit der Zustimmung der Mitglieder durchgef\u00fchrt werden. Hierzu werden kurze Abstimmungen mit soziokratischen Konsentprinzip veranlagt. Es gilt ein offener und achtsamer Umgang innerhalb des Arbeitskreises und wir leben das Prinzip der Offenheit der internen Prozesse.&nbsp;<\/p>\n\n\n\n<p>Die Informationen \u00fcber die einzelnen Stadtteilzentren laufen in der Regel \u00fcber die jeweiligen Zentren selbst, situationsbedingt wird jedoch entschieden, ob noch ein Abgleich mit dem Arbeitskreis als notwendig erachtet wird.<\/p>\n\n\n\n<p>Unsere offizielle Kommunikation des Arbeitskreises l\u00e4uft \u00fcber graz.stadtteilarbeit@gmail.com. Die zwei gew\u00e4hlten Sprecher*innen im Bereich der \u00d6ffentlichkeitsarbeit sind Wolfgang Kogler und Alena Strauss.<\/p>\n\n\n\n<p><strong>Finanzierung<\/strong><\/p>\n\n\n\n<p>Die Stadtteilzentren, die innerhalb des Arbeitskreises vertreten werden, sind vom Wohnungsamt der Stadt Graz gef\u00f6rdert. Der Arbeitskreis an sich unterliegt keinen Finanzierungen, da er lediglich eine Interessengemeinschaft darstellt.&nbsp;<\/p>\n\n\n\n<p>2019 kam es zu einer Neustrukturierung der Stadtteilarbeit, die auf die Gemeinderatswahl 2017 zur\u00fcckzuf\u00fchren war. Es wurde beschlossen, dass die Differenzierung zwischen Nachbarschaftszentren und Stadtteilzentren aufgehoben wird und Stadtteilzentren von nun an nicht mehr gef\u00f6rdert werden. Somit mussten unsere Stadtteilzentren zu Nachbarschaftszentren umgewandelt werden. Damit ging einher, dass sich unsere j\u00e4hrliche F\u00f6rderung des Wohnungsamts der Stadt Graz von der bisherigen F\u00f6rdersumme von 90.000&nbsp; \u20ac auf 25.000&nbsp; \u20ac verringert hat. Das bedeutete f\u00fcr uns eine Verringerung unseres F\u00f6rdervolumens von 72%.<\/p>\n\n\n\n<p>Vorschlag: Damit ging einher, dass sich unsere j\u00e4hrliches F\u00f6rderungsvolumen des Wohnungsamts der Stadt Graz um 72% verringert hat. <em>(falls ihr die genaue Summen nicht nennen wollt)<\/em><\/p>\n\n\n\n<p>Diese aktuellen Rahmenbedingungen schr\u00e4nken bez\u00fcglich Auftrag und Finanzierung alle Initiativen die in Stadtteilen und Nachbarschaft ein. Durch die massive K\u00fcrzung der Investitionen in die Stadtteilarbeit als soziale Infrastruktur in Graz, nur noch die Bereitstellung von \u201cR\u00e4umen ohne Konsumzwang\u201d mit minimalen \u00d6ffnungszeiten m\u00f6glich.<\/p>\n","protected":false},"excerpt":{"rendered":"<p>Uns ist Transparenz zwischen den einzelnen Mitgliedern, sowie nach au\u00dfen hin sehr wichtig. Dies wollen wir durch immerw\u00e4hrende Darlegung unserer T\u00e4tigkeiten, sowie unserer politischen Entscheidungen gew\u00e4hren. Au\u00dferdem ist es jedem Menschen freigestellt, bei unseren internen Arbeitskreistreffen dabei zu sein, und somit auch Einblicke in unsere Arbeitskultur und -weise zu gewinnen.&nbsp; Aktivit\u00e4ten, die im Namen des&hellip;&nbsp;<a href=\"https:\/\/ak-stadtteilarbeitgraz.at\/?page_id=217\" rel=\"bookmark\">Weiterlesen &raquo;<span class=\"screen-reader-text\">Informationen und Transparenz<\/span><\/a><\/p>\n","protected":false},"author":3,"featured_media":0,"parent":0,"menu_order":0,"comment_status":"closed","ping_status":"closed","template":"","meta":{"neve_meta_sidebar":"","neve_meta_container":"","neve_meta_enable_content_width":"","neve_meta_content_width":0,"neve_meta_title_alignment":"","neve_meta_author_avatar":"","neve_post_elements_order":"","neve_meta_disable_header":"","neve_meta_disable_footer":"","neve_meta_disable_title":"","footnotes":""},"class_list":["post-217","page","type-page","status-publish","hentry"],"_links":{"self":[{"href":"https:\/\/ak-stadtteilarbeitgraz.at\/index.php?rest_route=\/wp\/v2\/pages\/217","targetHints":{"allow":["GET"]}}],"collection":[{"href":"https:\/\/ak-stadtteilarbeitgraz.at\/index.php?rest_route=\/wp\/v2\/pages"}],"about":[{"href":"https:\/\/ak-stadtteilarbeitgraz.at\/index.php?rest_route=\/wp\/v2\/types\/page"}],"author":[{"embeddable":true,"href":"https:\/\/ak-stadtteilarbeitgraz.at\/index.php?rest_route=\/wp\/v2\/users\/3"}],"replies":[{"embeddable":true,"href":"https:\/\/ak-stadtteilarbeitgraz.at\/index.php?rest_route=%2Fwp%2Fv2%2Fcomments&post=217"}],"version-history":[{"count":1,"href":"https:\/\/ak-stadtteilarbeitgraz.at\/index.php?rest_route=\/wp\/v2\/pages\/217\/revisions"}],"predecessor-version":[{"id":218,"href":"https:\/\/ak-stadtteilarbeitgraz.at\/index.php?rest_route=\/wp\/v2\/pages\/217\/revisions\/218"}],"wp:attachment":[{"href":"https:\/\/ak-stadtteilarbeitgraz.at\/index.php?rest_route=%2Fwp%2Fv2%2Fmedia&parent=217"}],"curies":[{"name":"wp","href":"https:\/\/api.w.org\/{rel}","templated":true}]}}